{"id":844,"date":"2025-11-04T10:22:45","date_gmt":"2025-11-04T13:22:45","guid":{"rendered":"https:\/\/fl-consultoria.com.br\/?page_id=844"},"modified":"2025-12-04T10:36:32","modified_gmt":"2025-12-04T13:36:32","slug":"trabalhe-aqui","status":"publish","type":"page","link":"https:\/\/fl-consultoria.com.br\/index.php\/trabalhe-aqui\/","title":{"rendered":"Trabalhe Conosco"},"content":{"rendered":"\t\t<div data-elementor-type=\"wp-page\" data-elementor-id=\"844\" class=\"elementor elementor-844\" data-elementor-post-type=\"page\">\n\t\t\t\t<div class=\"elementor-element elementor-element-f1bed17 e-flex e-con-boxed e-con e-parent\" data-id=\"f1bed17\" data-element_type=\"container\">\n\t\t\t\t\t<div class=\"e-con-inner\">\n\t\t\t\t<div class=\"elementor-element elementor-element-10891e8 elementor-widget elementor-widget-text-editor\" data-id=\"10891e8\" data-element_type=\"widget\" data-widget_type=\"text-editor.default\">\n\t\t\t\t<div class=\"elementor-widget-container\">\n\t\t\t\t\t\t\t\t\t<h2 data-start=\"226\" data-end=\"250\">\ud83d\udcbc Trabalhe Conosco<\/h2><h3 data-start=\"252\" data-end=\"336\">Fa\u00e7a parte de um dos maiores escrit\u00f3rios de contabilidade do Norte e Nordeste!<\/h3><p data-start=\"338\" data-end=\"572\">H\u00e1 mais de uma d\u00e9cada, somos refer\u00eancia em <strong data-start=\"381\" data-end=\"443\">contabilidade, gest\u00e3o financeira e consultoria empresarial<\/strong>, atendendo <strong data-start=\"455\" data-end=\"479\">centenas de clientes<\/strong> e contando com uma equipe formada por <strong data-start=\"518\" data-end=\"569\">mais de 70 colaboradores altamente qualificados<\/strong>.<\/p><p data-start=\"574\" data-end=\"801\">Nosso sucesso \u00e9 resultado direto do talento e da dedica\u00e7\u00e3o de pessoas que acreditam no que fazem. Por isso, valorizamos quem busca <strong data-start=\"705\" data-end=\"733\">crescimento profissional<\/strong>, <strong data-start=\"735\" data-end=\"759\">aprendizado cont\u00ednuo<\/strong> e <strong data-start=\"762\" data-end=\"798\">excel\u00eancia no trabalho em equipe<\/strong>.<\/p><h3 data-start=\"803\" data-end=\"838\">\ud83c\udf31 Por que trabalhar conosco?<\/h3><ul data-start=\"839\" data-end=\"1176\"><li data-start=\"839\" data-end=\"898\"><p data-start=\"841\" data-end=\"898\"><strong data-start=\"841\" data-end=\"896\">Mais de 10 anos de experi\u00eancia e solidez no mercado<\/strong><\/p><\/li><li data-start=\"899\" data-end=\"949\"><p data-start=\"901\" data-end=\"949\"><strong data-start=\"901\" data-end=\"926\">Ambiente colaborativo<\/strong>, din\u00e2mico e inovador<\/p><\/li><li data-start=\"950\" data-end=\"1021\"><p data-start=\"952\" data-end=\"1021\"><strong data-start=\"952\" data-end=\"982\">Plano de Cargos e Sal\u00e1rios<\/strong>, com oportunidades reais de evolu\u00e7\u00e3o<\/p><\/li><li data-start=\"1022\" data-end=\"1076\"><p data-start=\"1024\" data-end=\"1076\"><strong data-start=\"1024\" data-end=\"1042\">Plano de Sa\u00fade<\/strong>, garantindo cuidado e bem-estar<\/p><\/li><li data-start=\"1077\" data-end=\"1123\"><p data-start=\"1079\" data-end=\"1123\"><strong data-start=\"1079\" data-end=\"1121\">Treinamentos e capacita\u00e7\u00f5es constantes<\/strong><\/p><\/li><li data-start=\"1124\" data-end=\"1176\"><p data-start=\"1126\" data-end=\"1176\"><strong data-start=\"1126\" data-end=\"1174\">Reconhecimento por desempenho e meritocracia<\/strong><\/p><\/li><\/ul><p data-start=\"1178\" data-end=\"1357\">Aqui, voc\u00ea encontra <strong data-start=\"1198\" data-end=\"1224\">mais do que um emprego<\/strong> \u2014 encontra um <strong data-start=\"1239\" data-end=\"1284\">espa\u00e7o para construir uma carreira s\u00f3lida<\/strong>, em um ambiente que incentiva o desenvolvimento humano e profissional.<\/p><p data-start=\"1359\" data-end=\"1489\">Se voc\u00ea \u00e9 <strong data-start=\"1369\" data-end=\"1381\">proativo<\/strong>, <strong data-start=\"1383\" data-end=\"1399\">comprometido<\/strong> e quer fazer parte de uma equipe que faz a diferen\u00e7a todos os dias, o seu lugar \u00e9 aqui.<\/p><h3 data-start=\"1491\" data-end=\"1526\">\ud83d\ude80 Venha crescer com a gente!<\/h3><p data-start=\"1527\" data-end=\"1714\">Caso prefira, pode enviar seu curr\u00edculo em formato PDF, DOC ou DOCX para o E-mail: <strong>selecao@fl-consultoria.com.br<\/strong> ou preencha o formul\u00e1rio abaixo.<br data-start=\"1614\" data-end=\"1617\" \/>Junte-se a um time que \u00e9 <strong data-start=\"1642\" data-end=\"1711\">sin\u00f4nimo de credibilidade, inova\u00e7\u00e3o e excel\u00eancia em contabilidade<\/strong>.<\/p>\t\t\t\t\t\t\t\t<\/div>\n\t\t\t\t<\/div>\n\t\t\t\t<div class=\"elementor-element elementor-element-7df6789 elementor-widget elementor-widget-wpforms\" data-id=\"7df6789\" data-element_type=\"widget\" data-widget_type=\"wpforms.default\">\n\t\t\t\t<div class=\"elementor-widget-container\">\n\t\t\t\t\t<div class=\"wpforms-container wpforms-container-full wpforms-render-modern\" id=\"wpforms-857\"><form id=\"wpforms-form-857\" class=\"wpforms-validate wpforms-form wpforms-ajax-form\" data-formid=\"857\" method=\"post\" enctype=\"multipart\/form-data\" action=\"\/index.php\/wp-json\/wp\/v2\/pages\/844\" data-token=\"1f8bc86c23a32601fac80c33464c9547\" data-token-time=\"1775654578\"><noscript class=\"wpforms-error-noscript\">Ative o JavaScript no seu navegador para preencher este formul\u00e1rio.<\/noscript><div id=\"wpforms-error-noscript\" style=\"display: none;\">Ative o JavaScript no seu navegador para preencher este formul\u00e1rio.<\/div><div class=\"wpforms-field-container\"><div id=\"wpforms-857-field_8-container\" class=\"wpforms-field wpforms-field-text\" data-field-id=\"8\"><label class=\"wpforms-field-label\" for=\"wpforms-857-field_8\">Nome completo<\/label><input type=\"text\" id=\"wpforms-857-field_8\" class=\"wpforms-field-medium\" name=\"wpforms[fields][8]\" aria-errormessage=\"wpforms-857-field_8-error\" ><\/div><div id=\"wpforms-857-field_6-container\" class=\"wpforms-field wpforms-field-text\" data-field-id=\"6\"><label class=\"wpforms-field-label\" for=\"wpforms-857-field_6\">Data de nascimento<\/label><input type=\"text\" id=\"wpforms-857-field_6\" class=\"wpforms-field-medium wpforms-masked-input\" data-rule-inputmask-incomplete=\"1\" data-inputmask-mask=\"99\/99\/9999\" name=\"wpforms[fields][6]\" aria-errormessage=\"wpforms-857-field_6-error\" ><\/div><div id=\"wpforms-857-field_7-container\" class=\"wpforms-field wpforms-field-text\" data-field-id=\"7\"><label class=\"wpforms-field-label\" for=\"wpforms-857-field_7\">CPF<\/label><input type=\"text\" id=\"wpforms-857-field_7\" class=\"wpforms-field-medium wpforms-masked-input\" data-rule-inputmask-incomplete=\"1\" data-inputmask-mask=\"999.999.999-99\" name=\"wpforms[fields][7]\" aria-errormessage=\"wpforms-857-field_7-error\" ><\/div>\t\t<div id=\"wpforms-857-field_1-container\"\n\t\t\tclass=\"wpforms-field wpforms-field-text\"\n\t\t\tdata-field-type=\"text\"\n\t\t\tdata-field-id=\"1\"\n\t\t\t>\n\t\t\t<label class=\"wpforms-field-label\" for=\"wpforms-857-field_1\" >Institui\u00e7\u00e3o nascimento Interesse<\/label>\n\t\t\t<input type=\"text\" id=\"wpforms-857-field_1\" class=\"wpforms-field-medium\" name=\"wpforms[fields][1]\" >\n\t\t<\/div>\n\t\t<div id=\"wpforms-857-field_4-container\" class=\"wpforms-field wpforms-field-text\" data-field-id=\"4\"><label class=\"wpforms-field-label\" for=\"wpforms-857-field_4\">Telefone<\/label><input type=\"text\" id=\"wpforms-857-field_4\" class=\"wpforms-field-medium wpforms-masked-input\" data-rule-inputmask-incomplete=\"1\" data-inputmask-mask=\"(99) 99999-9999\" name=\"wpforms[fields][4]\" aria-errormessage=\"wpforms-857-field_4-error\" ><\/div><div id=\"wpforms-857-field_10-container\" class=\"wpforms-field wpforms-field-email\" data-field-id=\"10\"><label class=\"wpforms-field-label\" for=\"wpforms-857-field_10\">E-mail <span class=\"wpforms-required-label\" aria-hidden=\"true\">*<\/span><\/label><input type=\"email\" id=\"wpforms-857-field_10\" class=\"wpforms-field-medium wpforms-field-required\" name=\"wpforms[fields][10]\" spellcheck=\"false\" aria-errormessage=\"wpforms-857-field_10-error\" required><\/div><div id=\"wpforms-857-field_11-container\" class=\"wpforms-field wpforms-field-text\" data-field-id=\"11\"><label class=\"wpforms-field-label\" for=\"wpforms-857-field_11\">Cidade \/ Estado<\/label><input type=\"text\" id=\"wpforms-857-field_11\" class=\"wpforms-field-medium\" name=\"wpforms[fields][11]\" aria-errormessage=\"wpforms-857-field_11-error\" ><\/div><div id=\"wpforms-857-field_12-container\" class=\"wpforms-field wpforms-field-checkbox\" data-field-id=\"12\"><fieldset><legend class=\"wpforms-field-label\">\u00c1rea de Interesse<\/legend><ul id=\"wpforms-857-field_12\"><li class=\"choice-1 depth-1\"><input type=\"checkbox\" id=\"wpforms-857-field_12_1\" name=\"wpforms[fields][12][]\" value=\"Pessoal\" aria-errormessage=\"wpforms-857-field_12_1-error\"  ><label class=\"wpforms-field-label-inline\" for=\"wpforms-857-field_12_1\">Pessoal<\/label><\/li><li class=\"choice-2 depth-1\"><input type=\"checkbox\" id=\"wpforms-857-field_12_2\" name=\"wpforms[fields][12][]\" value=\"Fiscal\" aria-errormessage=\"wpforms-857-field_12_2-error\"  ><label class=\"wpforms-field-label-inline\" for=\"wpforms-857-field_12_2\">Fiscal<\/label><\/li><li class=\"choice-3 depth-1\"><input type=\"checkbox\" id=\"wpforms-857-field_12_3\" name=\"wpforms[fields][12][]\" value=\"Cont\u00e1bil\" aria-errormessage=\"wpforms-857-field_12_3-error\"  ><label class=\"wpforms-field-label-inline\" for=\"wpforms-857-field_12_3\">Cont\u00e1bil<\/label><\/li><li class=\"choice-4 depth-1\"><input type=\"checkbox\" id=\"wpforms-857-field_12_4\" name=\"wpforms[fields][12][]\" value=\"Administrativo\" aria-errormessage=\"wpforms-857-field_12_4-error\"  ><label class=\"wpforms-field-label-inline\" for=\"wpforms-857-field_12_4\">Administrativo<\/label><\/li><li class=\"choice-5 depth-1\"><input type=\"checkbox\" id=\"wpforms-857-field_12_5\" name=\"wpforms[fields][12][]\" value=\"Financeiro\" aria-errormessage=\"wpforms-857-field_12_5-error\"  ><label class=\"wpforms-field-label-inline\" for=\"wpforms-857-field_12_5\">Financeiro<\/label><\/li><li class=\"choice-6 depth-1\"><input type=\"checkbox\" id=\"wpforms-857-field_12_6\" name=\"wpforms[fields][12][]\" value=\"Regulariza\u00e7\u00e3o e Processos\" aria-errormessage=\"wpforms-857-field_12_6-error\"  ><label class=\"wpforms-field-label-inline\" for=\"wpforms-857-field_12_6\">Regulariza\u00e7\u00e3o e Processos<\/label><\/li><\/ul><\/fieldset><\/div><div id=\"wpforms-857-field_13-container\" class=\"wpforms-field wpforms-field-text\" data-field-id=\"13\"><label class=\"wpforms-field-label\" for=\"wpforms-857-field_13\">Preten\u00e7\u00e3o salarial<\/label><input type=\"text\" id=\"wpforms-857-field_13\" class=\"wpforms-field-medium\" name=\"wpforms[fields][13]\" aria-errormessage=\"wpforms-857-field_13-error\" ><\/div><div id=\"wpforms-857-field_14-container\" class=\"wpforms-field wpforms-field-text\" data-field-id=\"14\"><label class=\"wpforms-field-label\" for=\"wpforms-857-field_14\">Disponibilidade de in\u00edcio<\/label><input type=\"text\" id=\"wpforms-857-field_14\" class=\"wpforms-field-medium\" name=\"wpforms[fields][14]\" aria-errormessage=\"wpforms-857-field_14-error\" ><\/div><div id=\"wpforms-857-field_15-container\" class=\"wpforms-field wpforms-field-radio\" data-field-id=\"15\"><fieldset><legend class=\"wpforms-field-label\">Tipo de v\u00ednculo desejado<\/legend><ul id=\"wpforms-857-field_15\"><li class=\"choice-1 depth-1\"><input type=\"radio\" id=\"wpforms-857-field_15_1\" name=\"wpforms[fields][15]\" value=\"CLT\" aria-errormessage=\"wpforms-857-field_15_1-error\"  ><label class=\"wpforms-field-label-inline\" for=\"wpforms-857-field_15_1\">CLT<\/label><\/li><li class=\"choice-2 depth-1\"><input type=\"radio\" id=\"wpforms-857-field_15_2\" name=\"wpforms[fields][15]\" value=\"Est\u00e1gio\" aria-errormessage=\"wpforms-857-field_15_2-error\"  ><label class=\"wpforms-field-label-inline\" for=\"wpforms-857-field_15_2\">Est\u00e1gio<\/label><\/li><li class=\"choice-3 depth-1\"><input type=\"radio\" id=\"wpforms-857-field_15_3\" name=\"wpforms[fields][15]\" value=\"Jovem Aprendiz\" aria-errormessage=\"wpforms-857-field_15_3-error\"  ><label class=\"wpforms-field-label-inline\" for=\"wpforms-857-field_15_3\">Jovem Aprendiz<\/label><\/li><\/ul><\/fieldset><\/div><div id=\"wpforms-857-field_17-container\" class=\"wpforms-field wpforms-field-radio\" data-field-id=\"17\"><fieldset><legend class=\"wpforms-field-label\">N\u00edvel de Escolaridade<\/legend><ul id=\"wpforms-857-field_17\"><li class=\"choice-1 depth-1\"><input type=\"radio\" id=\"wpforms-857-field_17_1\" name=\"wpforms[fields][17]\" value=\"Ensino m\u00e9dio\" aria-errormessage=\"wpforms-857-field_17_1-error\"  ><label class=\"wpforms-field-label-inline\" for=\"wpforms-857-field_17_1\">Ensino m\u00e9dio<\/label><\/li><li class=\"choice-2 depth-1\"><input type=\"radio\" id=\"wpforms-857-field_17_2\" name=\"wpforms[fields][17]\" value=\"T\u00e9cnico\" aria-errormessage=\"wpforms-857-field_17_2-error\"  ><label class=\"wpforms-field-label-inline\" for=\"wpforms-857-field_17_2\">T\u00e9cnico<\/label><\/li><li class=\"choice-3 depth-1\"><input type=\"radio\" id=\"wpforms-857-field_17_3\" name=\"wpforms[fields][17]\" value=\"Superior\" aria-errormessage=\"wpforms-857-field_17_3-error\"  ><label class=\"wpforms-field-label-inline\" for=\"wpforms-857-field_17_3\">Superior<\/label><\/li><li class=\"choice-4 depth-1\"><input type=\"radio\" id=\"wpforms-857-field_17_4\" name=\"wpforms[fields][17]\" value=\"P\u00f3s-gradua\u00e7\u00e3o\" aria-errormessage=\"wpforms-857-field_17_4-error\"  ><label class=\"wpforms-field-label-inline\" for=\"wpforms-857-field_17_4\">P\u00f3s-gradua\u00e7\u00e3o<\/label><\/li><\/ul><\/fieldset><\/div><div id=\"wpforms-857-field_18-container\" class=\"wpforms-field wpforms-field-text\" data-field-id=\"18\"><label class=\"wpforms-field-label\" for=\"wpforms-857-field_18\">Curso Principal<\/label><input type=\"text\" id=\"wpforms-857-field_18\" class=\"wpforms-field-medium\" name=\"wpforms[fields][18]\" aria-errormessage=\"wpforms-857-field_18-error\" ><\/div><div id=\"wpforms-857-field_19-container\" class=\"wpforms-field wpforms-field-text\" data-field-id=\"19\"><label class=\"wpforms-field-label\" for=\"wpforms-857-field_19\">Institui\u00e7\u00e3o de Ensino<\/label><input type=\"text\" id=\"wpforms-857-field_19\" class=\"wpforms-field-medium\" name=\"wpforms[fields][19]\" aria-errormessage=\"wpforms-857-field_19-error\" ><\/div><div id=\"wpforms-857-field_20-container\" class=\"wpforms-field wpforms-field-textarea\" data-field-id=\"20\"><label class=\"wpforms-field-label\" for=\"wpforms-857-field_20\">Experi\u00eancias anteriores (\u00faltimos 2 empregos ou est\u00e1gios): Empresa | Per\u00edodo | Fun\u00e7\u00e3o | Principais atividades<\/label><textarea id=\"wpforms-857-field_20\" class=\"wpforms-field-medium\" name=\"wpforms[fields][20]\" aria-errormessage=\"wpforms-857-field_20-error\" ><\/textarea><\/div><div id=\"wpforms-857-field_21-container\" class=\"wpforms-field wpforms-field-text\" data-field-id=\"21\"><label class=\"wpforms-field-label\" for=\"wpforms-857-field_21\">Link LinkedIn<\/label><input type=\"text\" id=\"wpforms-857-field_21\" class=\"wpforms-field-medium\" name=\"wpforms[fields][21]\" aria-errormessage=\"wpforms-857-field_21-error\" ><\/div><script>\n\t\t\t\t( function() {\n\t\t\t\t\tconst style = document.createElement( 'style' );\n\t\t\t\t\tstyle.appendChild( document.createTextNode( '#wpforms-857-field_1-container { position: absolute !important; overflow: hidden !important; display: inline !important; height: 1px !important; width: 1px !important; z-index: -1000 !important; padding: 0 !important; } #wpforms-857-field_1-container input { visibility: hidden; } #wpforms-conversational-form-page #wpforms-857-field_1-container label { counter-increment: none; }' ) );\n\t\t\t\t\tdocument.head.appendChild( style );\n\t\t\t\t\tdocument.currentScript?.remove();\n\t\t\t\t} )();\n\t\t\t<\/script><\/div><!-- .wpforms-field-container --><div class=\"wpforms-submit-container\" ><input type=\"hidden\" name=\"wpforms[id]\" value=\"857\"><input type=\"hidden\" name=\"page_title\" value=\"\"><input type=\"hidden\" name=\"page_url\" value=\"https:\/\/fl-consultoria.com.br\/index.php\/wp-json\/wp\/v2\/pages\/844\"><input type=\"hidden\" name=\"url_referer\" value=\"\"><button type=\"submit\" name=\"wpforms[submit]\" id=\"wpforms-submit-857\" class=\"wpforms-submit\" data-alt-text=\"Enviando\u2026\" data-submit-text=\"Enviar\" aria-live=\"assertive\" value=\"wpforms-submit\">Enviar<\/button><img decoding=\"async\" src=\"https:\/\/fl-consultoria.com.br\/wp-content\/plugins\/wpforms-lite\/assets\/images\/submit-spin.svg\" class=\"wpforms-submit-spinner\" style=\"display: none;\" width=\"26\" height=\"26\" alt=\"Carregando\"><\/div><\/form><\/div>  <!-- .wpforms-container -->\t\t\t\t<\/div>\n\t\t\t\t<\/div>\n\t\t\t\t<div class=\"elementor-element elementor-element-11bbe66 elementor-widget elementor-widget-text-editor\" data-id=\"11bbe66\" data-element_type=\"widget\" data-widget_type=\"text-editor.default\">\n\t\t\t\t<div class=\"elementor-widget-container\">\n\t\t\t\t\t\t\t\t\t<p>Caso prefira, pode enviar seu curr\u00edculo em formato PDF, DOC ou DOCX para o E-mail: <strong>selecao@fl-consultoria.com.br<\/strong><\/p>\t\t\t\t\t\t\t\t<\/div>\n\t\t\t\t<\/div>\n\t\t\t\t\t<\/div>\n\t\t\t\t<\/div>\n\t\t\t\t<\/div>\n\t\t","protected":false},"excerpt":{"rendered":"<p>\ud83d\udcbc Trabalhe Conosco Fa\u00e7a parte de um dos maiores escrit\u00f3rios de contabilidade do Norte e Nordeste! H\u00e1 mais de uma d\u00e9cada, somos refer\u00eancia em contabilidade, gest\u00e3o financeira e consultoria empresarial, atendendo centenas de clientes e contando com uma equipe formada por mais de 70 colaboradores altamente qualificados. Nosso sucesso \u00e9 resultado direto do talento e [&hellip;]<\/p>\n","protected":false},"author":2,"featured_media":970,"parent":0,"menu_order":0,"comment_status":"closed","ping_status":"closed","template":"","meta":{"footnotes":""},"class_list":["post-844","page","type-page","status-publish","has-post-thumbnail","hentry"],"_links":{"self":[{"href":"https:\/\/fl-consultoria.com.br\/index.php\/wp-json\/wp\/v2\/pages\/844","targetHints":{"allow":["GET"]}}],"collection":[{"href":"https:\/\/fl-consultoria.com.br\/index.php\/wp-json\/wp\/v2\/pages"}],"about":[{"href":"https:\/\/fl-consultoria.com.br\/index.php\/wp-json\/wp\/v2\/types\/page"}],"author":[{"embeddable":true,"href":"https:\/\/fl-consultoria.com.br\/index.php\/wp-json\/wp\/v2\/users\/2"}],"replies":[{"embeddable":true,"href":"https:\/\/fl-consultoria.com.br\/index.php\/wp-json\/wp\/v2\/comments?post=844"}],"version-history":[{"count":20,"href":"https:\/\/fl-consultoria.com.br\/index.php\/wp-json\/wp\/v2\/pages\/844\/revisions"}],"predecessor-version":[{"id":943,"href":"https:\/\/fl-consultoria.com.br\/index.php\/wp-json\/wp\/v2\/pages\/844\/revisions\/943"}],"wp:featuredmedia":[{"embeddable":true,"href":"https:\/\/fl-consultoria.com.br\/index.php\/wp-json\/wp\/v2\/media\/970"}],"wp:attachment":[{"href":"https:\/\/fl-consultoria.com.br\/index.php\/wp-json\/wp\/v2\/media?parent=844"}],"curies":[{"name":"wp","href":"https:\/\/api.w.org\/{rel}","templated":true}]}}