{"id":672,"date":"2025-10-28T11:37:16","date_gmt":"2025-10-28T14:37:16","guid":{"rendered":"https:\/\/fl-consultoria.com.br\/?page_id=672"},"modified":"2025-10-30T11:15:35","modified_gmt":"2025-10-30T14:15:35","slug":"servicos","status":"publish","type":"page","link":"https:\/\/fl-consultoria.com.br\/index.php\/servicos\/","title":{"rendered":"Servi\u00e7os"},"content":{"rendered":"\t\t<div data-elementor-type=\"wp-page\" data-elementor-id=\"672\" class=\"elementor elementor-672\" data-elementor-post-type=\"page\">\n\t\t\t\t<div class=\"elementor-element elementor-element-0640aff e-flex e-con-boxed e-con e-parent\" data-id=\"0640aff\" data-element_type=\"container\">\n\t\t\t\t\t<div class=\"e-con-inner\">\n\t\t\t\t<div class=\"elementor-element elementor-element-510ca06 elementor-widget elementor-widget-text-editor\" data-id=\"510ca06\" data-element_type=\"widget\" data-widget_type=\"text-editor.default\">\n\t\t\t\t<div class=\"elementor-widget-container\">\n\t\t\t\t\t\t\t\t\t<p style=\"text-align: left;\"><img decoding=\"async\" class=\" wp-image-684 alignleft\" src=\"http:\/\/fl-consultoria.com.br\/wp-content\/uploads\/2025\/10\/mosaico1-300x300.png\" alt=\"\" width=\"187\" height=\"187\" srcset=\"https:\/\/fl-consultoria.com.br\/wp-content\/uploads\/2025\/10\/mosaico1-300x300.png 300w, https:\/\/fl-consultoria.com.br\/wp-content\/uploads\/2025\/10\/mosaico1-150x150.png 150w, https:\/\/fl-consultoria.com.br\/wp-content\/uploads\/2025\/10\/mosaico1.png 393w\" sizes=\"(max-width: 187px) 100vw, 187px\" \/>Oferecemos uma ampla gama de servi\u00e7os voltados \u00e0 sa\u00fade financeira e ao desenvolvimento sustent\u00e1vel dos neg\u00f3cios:<br \/><strong><img decoding=\"async\" class=\"alignnone  wp-image-733\" src=\"http:\/\/fl-consultoria.com.br\/wp-content\/uploads\/2025\/10\/taxa.png\" alt=\"\" width=\"17\" height=\"20\" \/> Contabilidade Financeira<\/strong><br \/>Elabora\u00e7\u00e3o e an\u00e1lise de demonstra\u00e7\u00f5es cont\u00e1beis (balan\u00e7os, DRE, fluxo de caixa), assegurando a conformidade com as normas cont\u00e1beis e a legisla\u00e7\u00e3o vigente.<br \/><strong><img decoding=\"async\" class=\"alignnone  wp-image-733\" src=\"http:\/\/fl-consultoria.com.br\/wp-content\/uploads\/2025\/10\/taxa.png\" alt=\"\" width=\"17\" height=\"20\" \/> Auditoria<\/strong><br \/>Auditorias internas e externas que verificam a precis\u00e3o das informa\u00e7\u00f5es financeiras e promovem boas pr\u00e1ticas de governan\u00e7a.<br \/><strong><img decoding=\"async\" class=\"alignnone  wp-image-733\" src=\"http:\/\/fl-consultoria.com.br\/wp-content\/uploads\/2025\/10\/taxa.png\" alt=\"\" width=\"17\" height=\"20\" \/> Consultoria Fiscal<\/strong><br \/>Planejamento tribut\u00e1rio, otimiza\u00e7\u00e3o de impostos e suporte completo no cumprimento das obriga\u00e7\u00f5es fiscais.<br \/><strong><img decoding=\"async\" class=\"alignnone  wp-image-733\" src=\"http:\/\/fl-consultoria.com.br\/wp-content\/uploads\/2025\/10\/taxa.png\" alt=\"\" width=\"17\" height=\"20\" \/> Folha de Pagamento<\/strong><br \/>Gest\u00e3o completa da folha, c\u00e1lculos de encargos trabalhistas e atendimento \u00e0s exig\u00eancias legais e previdenci\u00e1rias.<br \/><strong><img decoding=\"async\" class=\"alignnone  wp-image-733\" src=\"http:\/\/fl-consultoria.com.br\/wp-content\/uploads\/2025\/10\/taxa.png\" alt=\"\" width=\"17\" height=\"20\" \/> Conformidade Regulat\u00f3ria<\/strong><br \/>Suporte para adequa\u00e7\u00e3o \u00e0s normas cont\u00e1beis internacionais (IFRS) e regulamenta\u00e7\u00f5es espec\u00edficas de cada setor.<br \/><strong><img decoding=\"async\" class=\"alignnone  wp-image-733\" src=\"http:\/\/fl-consultoria.com.br\/wp-content\/uploads\/2025\/10\/taxa.png\" alt=\"\" width=\"17\" height=\"20\" \/> Consultoria Financeira<\/strong><br \/>An\u00e1lise de viabilidade de neg\u00f3cios, planejamento estrat\u00e9gico, expans\u00e3o, fus\u00f5es e aquisi\u00e7\u00f5es.<br \/><strong><img decoding=\"async\" class=\"alignnone  wp-image-733\" src=\"http:\/\/fl-consultoria.com.br\/wp-content\/uploads\/2025\/10\/taxa.png\" alt=\"\" width=\"17\" height=\"20\" \/> Gest\u00e3o Financeira<\/strong><br \/>Apoio no controle de fluxo de caixa, gest\u00e3o de custos, elabora\u00e7\u00e3o de or\u00e7amentos e indicadores de desempenho.<br \/><strong><img decoding=\"async\" class=\"alignnone  wp-image-733\" src=\"http:\/\/fl-consultoria.com.br\/wp-content\/uploads\/2025\/10\/taxa.png\" alt=\"\" width=\"17\" height=\"20\" \/> Tecnologia Financeira<\/strong><br \/>Implementa\u00e7\u00e3o e suporte de sistemas cont\u00e1beis e softwares de gest\u00e3o para maior agilidade e integra\u00e7\u00e3o de dados.<br \/><strong><img decoding=\"async\" class=\"alignnone  wp-image-733\" src=\"http:\/\/fl-consultoria.com.br\/wp-content\/uploads\/2025\/10\/taxa.png\" alt=\"\" width=\"17\" height=\"20\" \/> Relat\u00f3rios e An\u00e1lises Personalizados<\/strong><br \/>Desenvolvimento de relat\u00f3rios sob medida, com insights estrat\u00e9gicos e indicadores de performance.<br \/><strong><img decoding=\"async\" class=\"alignnone  wp-image-733\" src=\"http:\/\/fl-consultoria.com.br\/wp-content\/uploads\/2025\/10\/taxa.png\" alt=\"\" width=\"17\" height=\"20\" \/> Treinamento e Desenvolvimento<\/strong><br \/>Capacita\u00e7\u00e3o de equipes nas \u00e1reas cont\u00e1bil, fiscal e financeira, promovendo autonomia e efici\u00eancia.<br \/><strong><img decoding=\"async\" class=\"alignnone  wp-image-733\" src=\"http:\/\/fl-consultoria.com.br\/wp-content\/uploads\/2025\/10\/taxa.png\" alt=\"\" width=\"17\" height=\"20\" \/> Nosso Compromisso<\/strong><br \/>Com vasta experi\u00eancia e estrutura s\u00f3lida, atuamos como parceiros estrat\u00e9gicos na gest\u00e3o financeira e cont\u00e1bil das empresas.<br \/>Nosso compromisso \u00e9 com a transpar\u00eancia, seguran\u00e7a e resultados, garantindo que cada cliente tenha o suporte necess\u00e1rio para crescer com confian\u00e7a e sustentabilidade.<\/p>\t\t\t\t\t\t\t\t<\/div>\n\t\t\t\t<\/div>\n\t\t\t\t\t<\/div>\n\t\t\t\t<\/div>\n\t\t<div class=\"elementor-element elementor-element-89e6711 e-flex e-con-boxed e-con e-parent\" data-id=\"89e6711\" data-element_type=\"container\">\n\t\t\t\t\t<div class=\"e-con-inner\">\n\t\t\t\t\t<\/div>\n\t\t\t\t<\/div>\n\t\t\t\t<\/div>\n\t\t","protected":false},"excerpt":{"rendered":"<p>Oferecemos uma ampla gama de servi\u00e7os voltados \u00e0 sa\u00fade financeira e ao desenvolvimento sustent\u00e1vel dos neg\u00f3cios: Contabilidade FinanceiraElabora\u00e7\u00e3o e an\u00e1lise de demonstra\u00e7\u00f5es cont\u00e1beis (balan\u00e7os, DRE, fluxo de caixa), assegurando a conformidade com as normas cont\u00e1beis e a legisla\u00e7\u00e3o vigente. AuditoriaAuditorias internas e externas que verificam a precis\u00e3o das informa\u00e7\u00f5es financeiras e promovem boas pr\u00e1ticas de [&hellip;]<\/p>\n","protected":false},"author":2,"featured_media":691,"parent":0,"menu_order":0,"comment_status":"closed","ping_status":"closed","template":"","meta":{"footnotes":""},"class_list":["post-672","page","type-page","status-publish","has-post-thumbnail","hentry"],"_links":{"self":[{"href":"https:\/\/fl-consultoria.com.br\/index.php\/wp-json\/wp\/v2\/pages\/672","targetHints":{"allow":["GET"]}}],"collection":[{"href":"https:\/\/fl-consultoria.com.br\/index.php\/wp-json\/wp\/v2\/pages"}],"about":[{"href":"https:\/\/fl-consultoria.com.br\/index.php\/wp-json\/wp\/v2\/types\/page"}],"author":[{"embeddable":true,"href":"https:\/\/fl-consultoria.com.br\/index.php\/wp-json\/wp\/v2\/users\/2"}],"replies":[{"embeddable":true,"href":"https:\/\/fl-consultoria.com.br\/index.php\/wp-json\/wp\/v2\/comments?post=672"}],"version-history":[{"count":19,"href":"https:\/\/fl-consultoria.com.br\/index.php\/wp-json\/wp\/v2\/pages\/672\/revisions"}],"predecessor-version":[{"id":740,"href":"https:\/\/fl-consultoria.com.br\/index.php\/wp-json\/wp\/v2\/pages\/672\/revisions\/740"}],"wp:featuredmedia":[{"embeddable":true,"href":"https:\/\/fl-consultoria.com.br\/index.php\/wp-json\/wp\/v2\/media\/691"}],"wp:attachment":[{"href":"https:\/\/fl-consultoria.com.br\/index.php\/wp-json\/wp\/v2\/media?parent=672"}],"curies":[{"name":"wp","href":"https:\/\/api.w.org\/{rel}","templated":true}]}}