{"id":635,"date":"2025-10-24T11:22:04","date_gmt":"2025-10-24T14:22:04","guid":{"rendered":"https:\/\/fl-consultoria.com.br\/?page_id=635"},"modified":"2025-11-12T10:08:33","modified_gmt":"2025-11-12T13:08:33","slug":"qem-somos","status":"publish","type":"page","link":"https:\/\/fl-consultoria.com.br\/index.php\/qem-somos\/","title":{"rendered":"Quem somos"},"content":{"rendered":"\t\t<div data-elementor-type=\"wp-page\" data-elementor-id=\"635\" class=\"elementor elementor-635\" data-elementor-post-type=\"page\">\n\t\t\t\t<div class=\"elementor-element elementor-element-2111d5b e-flex e-con-boxed e-con e-parent\" data-id=\"2111d5b\" data-element_type=\"container\">\n\t\t\t\t\t<div class=\"e-con-inner\">\n\t\t\t\t<div class=\"elementor-element elementor-element-bfb90d9 elementor-widget elementor-widget-text-editor\" data-id=\"bfb90d9\" data-element_type=\"widget\" data-widget_type=\"text-editor.default\">\n\t\t\t\t<div class=\"elementor-widget-container\">\n\t\t\t\t\t\t\t\t\t<p><b>H\u00e1 mais de 15 anos<\/b>, atuamos <strong>como parceiros estrat\u00e9gicos<\/strong> de empresas que buscam <strong>efici\u00eancia, seguran\u00e7a e crescimento sustent\u00e1vel<\/strong>. Oferecemos <strong>solu\u00e7\u00f5es completas<\/strong> em contabilidade, legaliza\u00e7\u00e3o de empresas e consultoria fiscal, desenhadas para simplificar processos, assegurar conformidade e impulsionar resultados.<\/p><p>Nossa equipe \u00e9 formada por contadores, consultores fiscais, especialistas em Departamento Pessoal e profissionais de legaliza\u00e7\u00e3o altamente qualificados, comprometidos em entregar um atendimento personalizado, \u00e1gil e de alto desempenho. Trabalhamos lado a lado com nossos clientes, entendendo suas necessidades e oferecendo suporte t\u00e9cnico e estrat\u00e9gico em cada etapa do neg\u00f3cio.<\/p><p>Al\u00e9m da contabilidade e consultoria fiscal, nossa atua\u00e7\u00e3o se estende \u00e0s \u00e1reas trabalhista e previdenci\u00e1ria, com suporte completo em folha de pagamento, encargos sociais, benef\u00edcios e obriga\u00e7\u00f5es acess\u00f3rias. Tamb\u00e9m contamos com um setor especializado em legaliza\u00e7\u00e3o e processos, que abrange abertura e fechamento de empresas, altera\u00e7\u00f5es contratuais, obten\u00e7\u00e3o de certid\u00f5es, tr\u00e2mites fiscais junto a diversos \u00f3rg\u00e3os e parcelamento de d\u00edvidas tribut\u00e1rias.<\/p><p>Com foco em transpar\u00eancia, conformidade legal e planejamento inteligente, ajudamos sua empresa a conquistar uma gest\u00e3o mais eficiente, decis\u00f5es mais assertivas e resultados s\u00f3lidos a longo prazo.<\/p><p>Mais do que servi\u00e7os cont\u00e1beis \u2014 oferecemos parceria, confian\u00e7a e solu\u00e7\u00f5es que fazem a diferen\u00e7a no sucesso da sua empresa.<\/p>\t\t\t\t\t\t\t\t<\/div>\n\t\t\t\t<\/div>\n\t\t\t\t\t<\/div>\n\t\t\t\t<\/div>\n\t\t\t\t<\/div>\n\t\t","protected":false},"excerpt":{"rendered":"<p>H\u00e1 mais de 15 anos, atuamos como parceiros estrat\u00e9gicos de empresas que buscam efici\u00eancia, seguran\u00e7a e crescimento sustent\u00e1vel. Oferecemos solu\u00e7\u00f5es completas em contabilidade, legaliza\u00e7\u00e3o de empresas e consultoria fiscal, desenhadas para simplificar processos, assegurar conformidade e impulsionar resultados. Nossa equipe \u00e9 formada por contadores, consultores fiscais, especialistas em Departamento Pessoal e profissionais de legaliza\u00e7\u00e3o altamente [&hellip;]<\/p>\n","protected":false},"author":2,"featured_media":659,"parent":0,"menu_order":0,"comment_status":"closed","ping_status":"closed","template":"","meta":{"footnotes":""},"class_list":["post-635","page","type-page","status-publish","has-post-thumbnail","hentry"],"_links":{"self":[{"href":"https:\/\/fl-consultoria.com.br\/index.php\/wp-json\/wp\/v2\/pages\/635","targetHints":{"allow":["GET"]}}],"collection":[{"href":"https:\/\/fl-consultoria.com.br\/index.php\/wp-json\/wp\/v2\/pages"}],"about":[{"href":"https:\/\/fl-consultoria.com.br\/index.php\/wp-json\/wp\/v2\/types\/page"}],"author":[{"embeddable":true,"href":"https:\/\/fl-consultoria.com.br\/index.php\/wp-json\/wp\/v2\/users\/2"}],"replies":[{"embeddable":true,"href":"https:\/\/fl-consultoria.com.br\/index.php\/wp-json\/wp\/v2\/comments?post=635"}],"version-history":[{"count":25,"href":"https:\/\/fl-consultoria.com.br\/index.php\/wp-json\/wp\/v2\/pages\/635\/revisions"}],"predecessor-version":[{"id":941,"href":"https:\/\/fl-consultoria.com.br\/index.php\/wp-json\/wp\/v2\/pages\/635\/revisions\/941"}],"wp:featuredmedia":[{"embeddable":true,"href":"https:\/\/fl-consultoria.com.br\/index.php\/wp-json\/wp\/v2\/media\/659"}],"wp:attachment":[{"href":"https:\/\/fl-consultoria.com.br\/index.php\/wp-json\/wp\/v2\/media?parent=635"}],"curies":[{"name":"wp","href":"https:\/\/api.w.org\/{rel}","templated":true}]}}