{"id":579,"date":"2025-10-14T09:53:17","date_gmt":"2025-10-14T12:53:17","guid":{"rendered":"https:\/\/fl-consultoria.com.br\/?page_id=579"},"modified":"2025-11-07T12:11:36","modified_gmt":"2025-11-07T15:11:36","slug":"contato","status":"publish","type":"page","link":"https:\/\/fl-consultoria.com.br\/index.php\/contato\/","title":{"rendered":"Contato"},"content":{"rendered":"\t\t<div data-elementor-type=\"wp-page\" data-elementor-id=\"579\" class=\"elementor elementor-579\" data-elementor-post-type=\"page\">\n\t\t\t\t<div class=\"elementor-element elementor-element-3725f75 e-flex e-con-boxed e-con e-parent\" data-id=\"3725f75\" data-element_type=\"container\">\n\t\t\t\t\t<div class=\"e-con-inner\">\n\t\t\t\t<div class=\"elementor-element elementor-element-c30fef9 elementor-widget elementor-widget-text-editor\" data-id=\"c30fef9\" data-element_type=\"widget\" data-widget_type=\"text-editor.default\">\n\t\t\t\t<div class=\"elementor-widget-container\">\n\t\t\t\t\t\t\t\t\t<h2 data-start=\"255\" data-end=\"287\">\ud83d\udcac Entre em Contato Conosco<\/h2><h3 data-start=\"289\" data-end=\"377\">Tenha ao seu lado um dos maiores escrit\u00f3rios de contabilidade do Norte e Nordeste!<\/h3><p data-start=\"379\" data-end=\"619\">Com <strong data-start=\"383\" data-end=\"420\">mais de uma d\u00e9cada de experi\u00eancia<\/strong>, <strong data-start=\"422\" data-end=\"456\">mais de 600 clientes atendidos<\/strong> e uma equipe formada por <strong data-start=\"482\" data-end=\"532\">mais de 70 profissionais altamente capacitados<\/strong>, somos refer\u00eancia em <strong data-start=\"554\" data-end=\"616\">contabilidade, gest\u00e3o financeira e consultoria empresarial<\/strong>.<\/p><p data-start=\"621\" data-end=\"827\">Nosso compromisso \u00e9 <strong data-start=\"641\" data-end=\"686\">cuidar da sa\u00fade financeira da sua empresa<\/strong>, garantindo <strong data-start=\"699\" data-end=\"740\">seguran\u00e7a, efici\u00eancia e tranquilidade<\/strong> para que voc\u00ea possa focar no que realmente importa: <strong data-start=\"793\" data-end=\"824\">fazer o seu neg\u00f3cio crescer<\/strong>.<\/p><p data-start=\"829\" data-end=\"875\">Ao escolher nossos servi\u00e7os, voc\u00ea conta com:<\/p><ul data-start=\"876\" data-end=\"1213\"><li data-start=\"876\" data-end=\"965\"><p data-start=\"878\" data-end=\"965\">\u2705 <strong data-start=\"880\" data-end=\"922\">Atendimento personalizado e consultivo<\/strong>, voltado \u00e0s necessidades do seu neg\u00f3cio;<\/p><\/li><li data-start=\"966\" data-end=\"1050\"><p data-start=\"968\" data-end=\"1050\">\ud83d\udcca <strong data-start=\"971\" data-end=\"996\">Tecnologia e inova\u00e7\u00e3o<\/strong> para otimizar processos cont\u00e1beis e reduzir custos;<\/p><\/li><li data-start=\"1051\" data-end=\"1119\"><p data-start=\"1053\" data-end=\"1119\">\ud83e\uddfe <strong data-start=\"1056\" data-end=\"1091\">Conformidade e seguran\u00e7a fiscal<\/strong>, com total transpar\u00eancia;<\/p><\/li><li data-start=\"1120\" data-end=\"1213\"><p data-start=\"1122\" data-end=\"1213\">\ud83d\udca1 <strong data-start=\"1125\" data-end=\"1182\">Planejamento estrat\u00e9gico e orienta\u00e7\u00f5es especializadas<\/strong> para impulsionar resultados.<\/p><\/li><\/ul><p data-start=\"1215\" data-end=\"1417\">Estamos prontos para oferecer <strong data-start=\"1245\" data-end=\"1268\">solu\u00e7\u00f5es sob medida<\/strong> para empresas de todos os portes e setores, com o padr\u00e3o de qualidade que nos tornou <strong data-start=\"1354\" data-end=\"1414\">um dos maiores escrit\u00f3rios cont\u00e1beis do Norte e Nordeste<\/strong>.<\/p><p data-start=\"1419\" data-end=\"1571\">\ud83d\udc49 <strong data-start=\"1422\" data-end=\"1454\">Entre em contato agora mesmo<\/strong> e descubra como podemos ajudar a transformar a contabilidade da sua empresa em uma poderosa aliada do crescimento.<\/p><p data-start=\"1573\" data-end=\"1685\">\ud83d\udcde <strong data-start=\"1576\" data-end=\"1593\">Fale conosco:<\/strong> (98) 3181-2970<br data-start=\"1604\" data-end=\"1607\" \/>\ud83d\udce7 <strong data-start=\"1610\" data-end=\"1621\">E-mail:<\/strong> atendimento01@fl-consultoria.com.br<br data-start=\"1644\" data-end=\"1647\" \/>\ud83d\udccd <strong data-start=\"1650\" data-end=\"1663\">Endere\u00e7o:<\/strong> R. V Dois, n\u00b04 &#8211; Qd 02 &#8211; Parque Shalon, S\u00e3o Lu\u00eds &#8211; MA, 65073-060<\/p><p data-start=\"1573\" data-end=\"1685\"><strong><em>Preencha o formul\u00e1rio abaixo que entraremos em contato o mais breve poss\u00edvel!<\/em><\/strong><\/p>\t\t\t\t\t\t\t\t<\/div>\n\t\t\t\t<\/div>\n\t\t\t\t<div class=\"elementor-element elementor-element-d58a6cb elementor-widget elementor-widget-wpforms\" data-id=\"d58a6cb\" data-element_type=\"widget\" data-widget_type=\"wpforms.default\">\n\t\t\t\t<div class=\"elementor-widget-container\">\n\t\t\t\t\t<div class=\"wpforms-container wpforms-container-full wpforms-render-modern\" id=\"wpforms-596\"><form id=\"wpforms-form-596\" class=\"wpforms-validate wpforms-form wpforms-ajax-form\" data-formid=\"596\" method=\"post\" enctype=\"multipart\/form-data\" action=\"\/index.php\/wp-json\/wp\/v2\/pages\/579\" data-token=\"1f9df8e5a1d1ad90438da4fbb9222851\" data-token-time=\"1775654565\"><noscript class=\"wpforms-error-noscript\">Ative o JavaScript no seu navegador para preencher este formul\u00e1rio.<\/noscript><div id=\"wpforms-error-noscript\" style=\"display: none;\">Ative o JavaScript no seu navegador para preencher este formul\u00e1rio.<\/div><div class=\"wpforms-field-container\"><div id=\"wpforms-596-field_1-container\" class=\"wpforms-field wpforms-field-text\" data-field-id=\"1\"><label class=\"wpforms-field-label\" for=\"wpforms-596-field_1\">Empresa<\/label><input type=\"text\" id=\"wpforms-596-field_1\" class=\"wpforms-field-medium\" name=\"wpforms[fields][1]\" aria-errormessage=\"wpforms-596-field_1-error\" ><\/div><div id=\"wpforms-596-field_2-container\" class=\"wpforms-field wpforms-field-text\" data-field-id=\"2\"><label class=\"wpforms-field-label\" for=\"wpforms-596-field_2\">Respons\u00e1vel<\/label><input type=\"text\" id=\"wpforms-596-field_2\" class=\"wpforms-field-medium\" name=\"wpforms[fields][2]\" aria-errormessage=\"wpforms-596-field_2-error\" ><\/div><div id=\"wpforms-596-field_3-container\" class=\"wpforms-field wpforms-field-text\" data-field-id=\"3\"><label class=\"wpforms-field-label\" for=\"wpforms-596-field_3\">E-mail<\/label><input type=\"text\" id=\"wpforms-596-field_3\" class=\"wpforms-field-medium\" name=\"wpforms[fields][3]\" aria-errormessage=\"wpforms-596-field_3-error\" ><\/div><div id=\"wpforms-596-field_8-container\" class=\"wpforms-field wpforms-field-text\" data-field-id=\"8\"><label class=\"wpforms-field-label\" for=\"wpforms-596-field_8\">Fone<\/label><input type=\"text\" id=\"wpforms-596-field_8\" class=\"wpforms-field-medium\" name=\"wpforms[fields][8]\" aria-errormessage=\"wpforms-596-field_8-error\" ><\/div><div id=\"wpforms-596-field_7-container\" class=\"wpforms-field wpforms-field-checkbox\" data-field-id=\"7\"><fieldset><legend class=\"wpforms-field-label\">\u00c1rea de Interesse<\/legend><ul id=\"wpforms-596-field_7\"><li class=\"choice-1 depth-1\"><input type=\"checkbox\" id=\"wpforms-596-field_7_1\" name=\"wpforms[fields][7][]\" value=\"Fiscal\" aria-errormessage=\"wpforms-596-field_7_1-error\"  ><label class=\"wpforms-field-label-inline\" for=\"wpforms-596-field_7_1\">Fiscal<\/label><\/li><li class=\"choice-2 depth-1\"><input type=\"checkbox\" id=\"wpforms-596-field_7_2\" name=\"wpforms[fields][7][]\" value=\"Cont\u00e1bil\" aria-errormessage=\"wpforms-596-field_7_2-error\"  ><label class=\"wpforms-field-label-inline\" for=\"wpforms-596-field_7_2\">Cont\u00e1bil<\/label><\/li><li class=\"choice-3 depth-1\"><input type=\"checkbox\" id=\"wpforms-596-field_7_3\" name=\"wpforms[fields][7][]\" value=\"Trabalhista\" aria-errormessage=\"wpforms-596-field_7_3-error\"  ><label class=\"wpforms-field-label-inline\" for=\"wpforms-596-field_7_3\">Trabalhista<\/label><\/li><li class=\"choice-4 depth-1\"><input type=\"checkbox\" id=\"wpforms-596-field_7_4\" name=\"wpforms[fields][7][]\" value=\"Processual\" aria-errormessage=\"wpforms-596-field_7_4-error\"  ><label class=\"wpforms-field-label-inline\" for=\"wpforms-596-field_7_4\">Processual<\/label><\/li><\/ul><\/fieldset><\/div><div id=\"wpforms-596-field_5-container\" class=\"wpforms-field wpforms-field-textarea\" data-field-id=\"5\"><label class=\"wpforms-field-label\" for=\"wpforms-596-field_5\">Breve descri\u00e7\u00e3o da necessidade<\/label><textarea id=\"wpforms-596-field_5\" class=\"wpforms-field-medium\" name=\"wpforms[fields][5]\" aria-errormessage=\"wpforms-596-field_5-error\" ><\/textarea><\/div>\t\t<div id=\"wpforms-596-field_4-container\"\n\t\t\tclass=\"wpforms-field wpforms-field-text\"\n\t\t\tdata-field-type=\"text\"\n\t\t\tdata-field-id=\"4\"\n\t\t\t>\n\t\t\t<label class=\"wpforms-field-label\" for=\"wpforms-596-field_4\" >Respons\u00e1vel Interesse nos<\/label>\n\t\t\t<input type=\"text\" id=\"wpforms-596-field_4\" class=\"wpforms-field-medium\" name=\"wpforms[fields][4]\" >\n\t\t<\/div>\n\t\t<div id=\"wpforms-596-field_6-container\" class=\"wpforms-field wpforms-field-select wpforms-field-select-style-classic\" data-field-id=\"6\"><label class=\"wpforms-field-label\" for=\"wpforms-596-field_6\">Como nos encontrou?<\/label><select id=\"wpforms-596-field_6\" class=\"wpforms-field-medium\" name=\"wpforms[fields][6]\"><option value=\"Google\"  class=\"choice-1 depth-1\"  >Google<\/option><option value=\"Indica\u00e7\u00e3o de amigo\"  class=\"choice-2 depth-1\"  >Indica\u00e7\u00e3o de amigo<\/option><option value=\"Indica\u00e7\u00e3o de empresa\"  class=\"choice-3 depth-1\"  >Indica\u00e7\u00e3o de empresa<\/option><option value=\"Redes sociais\"  class=\"choice-4 depth-1\"  >Redes sociais<\/option><option value=\"Whathsapp\"  class=\"choice-5 depth-1\"  >Whathsapp<\/option><\/select><\/div><script>\n\t\t\t\t( function() {\n\t\t\t\t\tconst style = document.createElement( 'style' );\n\t\t\t\t\tstyle.appendChild( document.createTextNode( '#wpforms-596-field_4-container { position: absolute !important; overflow: hidden !important; display: inline !important; height: 1px !important; width: 1px !important; z-index: -1000 !important; padding: 0 !important; } #wpforms-596-field_4-container input { visibility: hidden; } #wpforms-conversational-form-page #wpforms-596-field_4-container label { counter-increment: none; }' ) );\n\t\t\t\t\tdocument.head.appendChild( style );\n\t\t\t\t\tdocument.currentScript?.remove();\n\t\t\t\t} )();\n\t\t\t<\/script><\/div><!-- .wpforms-field-container --><div class=\"wpforms-submit-container\" ><input type=\"hidden\" name=\"wpforms[id]\" value=\"596\"><input type=\"hidden\" name=\"page_title\" value=\"\"><input type=\"hidden\" name=\"page_url\" value=\"https:\/\/fl-consultoria.com.br\/index.php\/wp-json\/wp\/v2\/pages\/579\"><input type=\"hidden\" name=\"url_referer\" value=\"\"><button type=\"submit\" name=\"wpforms[submit]\" id=\"wpforms-submit-596\" class=\"wpforms-submit\" data-alt-text=\"Enviando\u2026\" data-submit-text=\"Enviar\" aria-live=\"assertive\" value=\"wpforms-submit\">Enviar<\/button><img decoding=\"async\" src=\"https:\/\/fl-consultoria.com.br\/wp-content\/plugins\/wpforms-lite\/assets\/images\/submit-spin.svg\" class=\"wpforms-submit-spinner\" style=\"display: none;\" width=\"26\" height=\"26\" alt=\"Carregando\"><\/div><\/form><\/div>  <!-- .wpforms-container -->\t\t\t\t<\/div>\n\t\t\t\t<\/div>\n\t\t\t\t\t<\/div>\n\t\t\t\t<\/div>\n\t\t\t\t<\/div>\n\t\t","protected":false},"excerpt":{"rendered":"<p>\ud83d\udcac Entre em Contato Conosco Tenha ao seu lado um dos maiores escrit\u00f3rios de contabilidade do Norte e Nordeste! Com mais de uma d\u00e9cada de experi\u00eancia, mais de 600 clientes atendidos e uma equipe formada por mais de 70 profissionais altamente capacitados, somos refer\u00eancia em contabilidade, gest\u00e3o financeira e consultoria empresarial. Nosso compromisso \u00e9 cuidar [&hellip;]<\/p>\n","protected":false},"author":2,"featured_media":694,"parent":0,"menu_order":0,"comment_status":"closed","ping_status":"closed","template":"","meta":{"footnotes":""},"class_list":["post-579","page","type-page","status-publish","has-post-thumbnail","hentry"],"_links":{"self":[{"href":"https:\/\/fl-consultoria.com.br\/index.php\/wp-json\/wp\/v2\/pages\/579","targetHints":{"allow":["GET"]}}],"collection":[{"href":"https:\/\/fl-consultoria.com.br\/index.php\/wp-json\/wp\/v2\/pages"}],"about":[{"href":"https:\/\/fl-consultoria.com.br\/index.php\/wp-json\/wp\/v2\/types\/page"}],"author":[{"embeddable":true,"href":"https:\/\/fl-consultoria.com.br\/index.php\/wp-json\/wp\/v2\/users\/2"}],"replies":[{"embeddable":true,"href":"https:\/\/fl-consultoria.com.br\/index.php\/wp-json\/wp\/v2\/comments?post=579"}],"version-history":[{"count":25,"href":"https:\/\/fl-consultoria.com.br\/index.php\/wp-json\/wp\/v2\/pages\/579\/revisions"}],"predecessor-version":[{"id":938,"href":"https:\/\/fl-consultoria.com.br\/index.php\/wp-json\/wp\/v2\/pages\/579\/revisions\/938"}],"wp:featuredmedia":[{"embeddable":true,"href":"https:\/\/fl-consultoria.com.br\/index.php\/wp-json\/wp\/v2\/media\/694"}],"wp:attachment":[{"href":"https:\/\/fl-consultoria.com.br\/index.php\/wp-json\/wp\/v2\/media?parent=579"}],"curies":[{"name":"wp","href":"https:\/\/api.w.org\/{rel}","templated":true}]}}